{"id":359,"date":"2019-08-23T18:36:53","date_gmt":"2019-08-23T09:36:53","guid":{"rendered":"http:\/\/shoho-teramoto.com\/?page_id=359"},"modified":"2019-08-29T20:32:40","modified_gmt":"2019-08-29T11:32:40","slug":"%e6%97%a5%e6%9c%ac%e8%aa%9e-news-demonstration-event-21-sep-2019","status":"publish","type":"page","link":"http:\/\/shoho-teramoto.com\/ja\/%e6%97%a5%e6%9c%ac%e8%aa%9e-news-demonstration-event-21-sep-2019\/","title":{"rendered":"News   Demonstration event 21 sep 2019"},"content":{"rendered":"<p><\/p>\n<h6 style=\"text-align: center;\">21 September 2019<\/h6>\n<h6 style=\"text-align: center;\">\u65e5\u52a0\u4fee\u597d90\u5468\u5e74\u8a18\u5ff5\u4e8b\u696d\u30fbEspace Japon \u4e3b\u50ac<\/h6>\n<h6 style=\"text-align: center;\">avec \u00a0 \u00a0 [D&#8217;encre, de terre et de feu]<\/h6>\n<h6 style=\"text-align: center;\">Japanese calligraphy performance<\/h6>\n<h6 style=\"text-align: center;\">\u5bfa\u672c\u5c0f\u9cf3 \u66f8\u9053\u30d1\u30d5\u30a9\u30fc\u30de\u30f3\u30b9<\/h6>\n<h6 style=\"text-align: center;\">Un \u00e9v\u00e9nement \u00e0 ne pas manquer qui aura lieu le 21 septembre \u00e0 13h \u00e0 \u00a0l\u2019Universit\u00e9 Laval dans le cadre de notre exposition \u00abD\u2019encre, de Terre et de feu\u00bb.<\/h6>\n<p><img loading=\"lazy\" decoding=\"async\" class=\"alignnone  wp-image-368 aligncenter\" src=\"http:\/\/shoho-teramoto.com\/wp-content\/uploads\/2019\/08\/performance_web-300x195.jpg\" alt=\"\" width=\"417\" height=\"275\" \/><\/p>\n<p>&nbsp;<\/p>\n<p>&nbsp;<\/p>","protected":false},"excerpt":{"rendered":"<p>21 September 2019 \u65e5\u52a0\u4fee\u597d90\u5468\u5e74\u8a18\u5ff5&#8230;<\/p>\n","protected":false},"author":1,"featured_media":0,"parent":0,"menu_order":0,"comment_status":"closed","ping_status":"closed","template":"","meta":{"footnotes":""},"class_list":["post-359","page","type-page","status-publish","hentry"],"_links":{"self":[{"href":"http:\/\/shoho-teramoto.com\/ja\/wp-json\/wp\/v2\/pages\/359"}],"collection":[{"href":"http:\/\/shoho-teramoto.com\/ja\/wp-json\/wp\/v2\/pages"}],"about":[{"href":"http:\/\/shoho-teramoto.com\/ja\/wp-json\/wp\/v2\/types\/page"}],"author":[{"embeddable":true,"href":"http:\/\/shoho-teramoto.com\/ja\/wp-json\/wp\/v2\/users\/1"}],"replies":[{"embeddable":true,"href":"http:\/\/shoho-teramoto.com\/ja\/wp-json\/wp\/v2\/comments?post=359"}],"version-history":[{"count":4,"href":"http:\/\/shoho-teramoto.com\/ja\/wp-json\/wp\/v2\/pages\/359\/revisions"}],"predecessor-version":[{"id":369,"href":"http:\/\/shoho-teramoto.com\/ja\/wp-json\/wp\/v2\/pages\/359\/revisions\/369"}],"wp:attachment":[{"href":"http:\/\/shoho-teramoto.com\/ja\/wp-json\/wp\/v2\/media?parent=359"}],"curies":[{"name":"wp","href":"https:\/\/api.w.org\/{rel}","templated":true}]}}